{"id":11,"date":"2017-05-12T21:05:09","date_gmt":"2017-05-12T19:05:09","guid":{"rendered":"http:\/\/lerobotphoto88.fr\/?page_id=11"},"modified":"2025-12-09T21:47:50","modified_gmt":"2025-12-09T20:47:50","slug":"accueil","status":"publish","type":"page","link":"https:\/\/lerobotphoto88.fr\/","title":{"rendered":"Accueil"},"content":{"rendered":"<p>[et_pb_section fb_built=\u00a0\u00bb1&Prime; fullwidth=\u00a0\u00bbon\u00a0\u00bb _builder_version=\u00a0\u00bb4.16&Prime; _module_preset=\u00a0\u00bbdefault\u00a0\u00bb height=\u00a0\u00bb438px\u00a0\u00bb custom_margin=\u00a0\u00bb0px||0px||false|false\u00a0\u00bb custom_padding=\u00a0\u00bb0px||0px||false|false\u00a0\u00bb global_colors_info=\u00a0\u00bb{}\u00a0\u00bb][et_pb_fullwidth_slider show_arrows=\u00a0\u00bboff\u00a0\u00bb use_bg_overlay=\u00a0\u00bbon\u00a0\u00bb use_text_overlay=\u00a0\u00bboff\u00a0\u00bb dot_nav_custom_color=\u00a0\u00bb#8300E9&Prime; _builder_version=\u00a0\u00bb4.16&Prime; _module_preset=\u00a0\u00bbdefault\u00a0\u00bb header_level=\u00a0\u00bbh1&Prime; header_font=\u00a0\u00bb|600|||||||\u00a0\u00bb background_enable_image=\u00a0\u00bboff\u00a0\u00bb custom_button=\u00a0\u00bbon\u00a0\u00bb button_text_color=\u00a0\u00bb#FFFFFF\u00a0\u00bb button_bg_color=\u00a0\u00bb#8300E9&Prime; width=\u00a0\u00bb90%\u00a0\u00bb max_width=\u00a0\u00bb90%\u00a0\u00bb module_alignment=\u00a0\u00bbcenter\u00a0\u00bb content_max_width=\u00a0\u00bb100%\u00a0\u00bb custom_margin=\u00a0\u00bb0px|0px|0px|0px|false|false\u00a0\u00bb custom_padding=\u00a0\u00bb100px|0px|100px|0px|false|false\u00a0\u00bb auto=\u00a0\u00bbon\u00a0\u00bb auto_speed=\u00a0\u00bb5000&Prime; header_text_shadow_style=\u00a0\u00bbpreset1&Prime; global_colors_info=\u00a0\u00bb{}\u00a0\u00bb][et_pb_slide heading=\u00a0\u00bbIMMORTALISEZ VOS EVENEMENTS EN LOUANT UN ROBOT PHOTO\u00a0\u00bb button_text=\u00a0\u00bbDEMANDE DE RESERVATION\u00a0\u00bb button_link=\u00a0\u00bb@ET-DC@eyJkeW5hbWljIjp0cnVlLCJjb250ZW50IjoicG9zdF9saW5rX3VybF9wYWdlIiwic2V0dGluZ3MiOnsicG9zdF9pZCI6IjQyMiJ9fQ==@\u00a0\u00bb use_bg_overlay=\u00a0\u00bboff\u00a0\u00bb use_text_overlay=\u00a0\u00bbon\u00a0\u00bb text_overlay_color=\u00a0\u00bbrgba(0,0,0,0.19)\u00a0\u00bb _builder_version=\u00a0\u00bb4.16&Prime; _dynamic_attributes=\u00a0\u00bbbutton_link\u00a0\u00bb _module_preset=\u00a0\u00bbdefault\u00a0\u00bb background_image=\u00a0\u00bbhttps:\/\/lerobotphoto88.fr\/wp-content\/uploads\/2022\/01\/arriere-plan.jpg\u00a0\u00bb background_enable_image=\u00a0\u00bbon\u00a0\u00bb custom_button=\u00a0\u00bbon\u00a0\u00bb global_colors_info=\u00a0\u00bb{}\u00a0\u00bb sticky_transition=\u00a0\u00bbon\u00a0\u00bb][\/et_pb_slide][et_pb_slide heading=\u00a0\u00bbPOUR UN ANNIVERSAIRE\u00a0\u00bb button_text=\u00a0\u00bbDEMANDE DE RESERVATION\u00a0\u00bb button_link=\u00a0\u00bb@ET-DC@eyJkeW5hbWljIjp0cnVlLCJjb250ZW50IjoicG9zdF9saW5rX3VybF9wYWdlIiwic2V0dGluZ3MiOnsicG9zdF9pZCI6IjQyMiJ9fQ==@\u00a0\u00bb use_bg_overlay=\u00a0\u00bboff\u00a0\u00bb use_text_overlay=\u00a0\u00bbon\u00a0\u00bb text_overlay_color=\u00a0\u00bbrgba(0,0,0,0.19)\u00a0\u00bb _builder_version=\u00a0\u00bb4.16&Prime; _dynamic_attributes=\u00a0\u00bbbutton_link\u00a0\u00bb _module_preset=\u00a0\u00bbdefault\u00a0\u00bb background_image=\u00a0\u00bbhttps:\/\/lerobotphoto88.fr\/wp-content\/uploads\/2022\/01\/defilant-anniversaire2.jpg\u00a0\u00bb background_enable_image=\u00a0\u00bbon\u00a0\u00bb custom_button=\u00a0\u00bbon\u00a0\u00bb global_colors_info=\u00a0\u00bb{}\u00a0\u00bb sticky_transition=\u00a0\u00bbon\u00a0\u00bb][\/et_pb_slide][et_pb_slide heading=\u00a0\u00bbPOUR UN MARIAGE\u00a0\u00bb button_text=\u00a0\u00bbDEMANDE DE RESERVATION\u00a0\u00bb button_link=\u00a0\u00bb@ET-DC@eyJkeW5hbWljIjp0cnVlLCJjb250ZW50IjoicG9zdF9saW5rX3VybF9wYWdlIiwic2V0dGluZ3MiOnsicG9zdF9pZCI6IjQyMiJ9fQ==@\u00a0\u00bb use_bg_overlay=\u00a0\u00bboff\u00a0\u00bb use_text_overlay=\u00a0\u00bbon\u00a0\u00bb text_overlay_color=\u00a0\u00bbrgba(0,0,0,0.19)\u00a0\u00bb _builder_version=\u00a0\u00bb4.16&Prime; _dynamic_attributes=\u00a0\u00bbbutton_link\u00a0\u00bb _module_preset=\u00a0\u00bbdefault\u00a0\u00bb background_image=\u00a0\u00bbhttps:\/\/lerobotphoto88.fr\/wp-content\/uploads\/2022\/01\/defilant-mariage2.jpg\u00a0\u00bb background_enable_image=\u00a0\u00bbon\u00a0\u00bb custom_button=\u00a0\u00bbon\u00a0\u00bb global_colors_info=\u00a0\u00bb{}\u00a0\u00bb sticky_transition=\u00a0\u00bbon\u00a0\u00bb][\/et_pb_slide][\/et_pb_fullwidth_slider][\/et_pb_section][et_pb_section fb_built=\u00a0\u00bb1&Prime; theme_builder_area=\u00a0\u00bbpost_content\u00a0\u00bb _builder_version=\u00a0\u00bb4.27.5&Prime; _module_preset=\u00a0\u00bbdefault\u00a0\u00bb custom_margin=\u00a0\u00bb0px|0px|0px|0px|false|false\u00a0\u00bb custom_padding=\u00a0\u00bb0px|0px|0px|0px|false|false\u00a0\u00bb hover_enabled=\u00a0\u00bb0&Prime; sticky_enabled=\u00a0\u00bb0&Prime; background_color=\u00a0\u00bb#8300E9&Prime;][et_pb_row _builder_version=\u00a0\u00bb4.27.5&Prime; _module_preset=\u00a0\u00bbdefault\u00a0\u00bb theme_builder_area=\u00a0\u00bbpost_content\u00a0\u00bb][et_pb_column _builder_version=\u00a0\u00bb4.27.5&Prime; _module_preset=\u00a0\u00bbdefault\u00a0\u00bb type=\u00a0\u00bb4_4&Prime; theme_builder_area=\u00a0\u00bbpost_content\u00a0\u00bb][et_pb_text _builder_version=\u00a0\u00bb4.27.5&Prime; _module_preset=\u00a0\u00bbdefault\u00a0\u00bb theme_builder_area=\u00a0\u00bbpost_content\u00a0\u00bb hover_enabled=\u00a0\u00bb0&Prime; sticky_enabled=\u00a0\u00bb0&Prime;]<\/p>\n<h1 style=\"text-align: center;\"><span style=\"color: #ffffff;\">LOCATION DE PHOTOBOOTH DANS LES VOSGES<\/span><\/h1>\n<p>[\/et_pb_text][\/et_pb_column][\/et_pb_row][\/et_pb_section][et_pb_section fb_built=\u00a0\u00bb1&Prime; _builder_version=\u00a0\u00bb4.16&Prime; _module_preset=\u00a0\u00bbdefault\u00a0\u00bb global_colors_info=\u00a0\u00bb{}\u00a0\u00bb][et_pb_row column_structure=\u00a0\u00bb1_4,1_4,1_4,1_4&Prime; _builder_version=\u00a0\u00bb4.16&Prime; _module_preset=\u00a0\u00bbdefault\u00a0\u00bb width=\u00a0\u00bb100%\u00a0\u00bb max_width=\u00a0\u00bb90%\u00a0\u00bb custom_margin=\u00a0\u00bb-52px|auto||auto|false|false\u00a0\u00bb global_colors_info=\u00a0\u00bb{}\u00a0\u00bb][et_pb_column type=\u00a0\u00bb1_4&Prime; _builder_version=\u00a0\u00bb4.16&Prime; _module_preset=\u00a0\u00bbdefault\u00a0\u00bb global_colors_info=\u00a0\u00bb{}\u00a0\u00bb][et_pb_blurb title=\u00a0\u00bbIMPRESSIONS INSTANTANEES\u00a0\u00bb image=\u00a0\u00bbhttps:\/\/lerobotphoto88.fr\/wp-content\/uploads\/2022\/01\/0000-20211216-18-19-47.jpg\u00a0\u00bb _builder_version=\u00a0\u00bb4.16&Prime; _module_preset=\u00a0\u00bbdefault\u00a0\u00bb custom_margin=\u00a0\u00bb0px||||false|false\u00a0\u00bb global_colors_info=\u00a0\u00bb{}\u00a0\u00bb]<\/p>\n<p>Les photos sont imprim\u00e9es en moins de 10 secondes et chacun repart avec un souvenir de l&rsquo;\u00e9v\u00e9nement ou colle sa photo dans un livre d&rsquo;or.<\/p>\n<p>[\/et_pb_blurb][\/et_pb_column][et_pb_column type=\u00a0\u00bb1_4&Prime; _builder_version=\u00a0\u00bb4.16&Prime; _module_preset=\u00a0\u00bbdefault\u00a0\u00bb global_colors_info=\u00a0\u00bb{}\u00a0\u00bb][et_pb_blurb title=\u00a0\u00bbPERSONNALISATION DES MAQUETTES\u00a0\u00bb image=\u00a0\u00bbhttps:\/\/lerobotphoto88.fr\/wp-content\/uploads\/2020\/08\/GATEAU.png\u00a0\u00bb _builder_version=\u00a0\u00bb4.16&Prime; _module_preset=\u00a0\u00bbdefault\u00a0\u00bb global_colors_info=\u00a0\u00bb{}\u00a0\u00bb]<\/p>\n<p>Chaque photo est int\u00e9gr\u00e9e dans une maquette au th\u00e8me de l&rsquo;\u00e9v\u00e9nement.<\/p>\n<p>[\/et_pb_blurb][\/et_pb_column][et_pb_column type=\u00a0\u00bb1_4&Prime; _builder_version=\u00a0\u00bb4.16&Prime; _module_preset=\u00a0\u00bbdefault\u00a0\u00bb global_colors_info=\u00a0\u00bb{}\u00a0\u00bb][et_pb_blurb title=\u00a0\u00bbCONNEXION AU RESEAUX SOCIAUX\u00a0\u00bb image=\u00a0\u00bbhttps:\/\/lerobotphoto88.fr\/wp-content\/uploads\/2022\/01\/resume3.jpg\u00a0\u00bb _builder_version=\u00a0\u00bb4.16&Prime; _module_preset=\u00a0\u00bbdefault\u00a0\u00bb global_colors_info=\u00a0\u00bb{}\u00a0\u00bb]<\/p>\n<p>Chacun a la possibilit\u00e9 d&rsquo;envoyer sa photo \u00e0 l&rsquo;adresse mail de son choix<\/p>\n<p>[\/et_pb_blurb][\/et_pb_column][et_pb_column type=\u00a0\u00bb1_4&Prime; _builder_version=\u00a0\u00bb4.16&Prime; _module_preset=\u00a0\u00bbdefault\u00a0\u00bb global_colors_info=\u00a0\u00bb{}\u00a0\u00bb][et_pb_blurb title=\u00a0\u00bbFUN\u00a0\u00bb image=\u00a0\u00bbhttps:\/\/lerobotphoto88.fr\/wp-content\/uploads\/2022\/01\/0000-20190609-14-48-09.jpg\u00a0\u00bb _builder_version=\u00a0\u00bb4.16&Prime; _module_preset=\u00a0\u00bbdefault\u00a0\u00bb global_colors_info=\u00a0\u00bb{}\u00a0\u00bb]<\/p>\n<p>Choisissez parmi une collection d&rsquo;incrustations plus dr\u00f4les les une que les autres pour que chacun puisse \u00ab\u00a0coller\u00a0\u00bb sa t\u00eate dans un personnage.<\/p>\n<p>[\/et_pb_blurb][\/et_pb_column][\/et_pb_row][\/et_pb_section]<\/p>\n","protected":false},"excerpt":{"rendered":"<p>LOCATION DE PHOTOBOOTH DANS LES VOSGESLes photos sont imprim\u00e9es en moins de 10 secondes et chacun repart avec un souvenir de l&rsquo;\u00e9v\u00e9nement ou colle sa photo dans un livre d&rsquo;or.Chaque photo est int\u00e9gr\u00e9e dans une maquette au th\u00e8me de l&rsquo;\u00e9v\u00e9nement.Chacun a la possibilit\u00e9 d&rsquo;envoyer sa photo \u00e0 l&rsquo;adresse mail de son choixChoisissez parmi une collection [&hellip;]<\/p>\n","protected":false},"author":1,"featured_media":0,"parent":0,"menu_order":0,"comment_status":"closed","ping_status":"closed","template":"","meta":{"_et_pb_use_builder":"on","_et_pb_old_content":"<!-- wp:heading {\"textAlign\":\"center\",\"backgroundColor\":\"black\",\"textColor\":\"white\"} -->\n<h2 class=\"has-text-align-center has-white-color has-black-background-color has-text-color has-background\"><strong>IMMORTALISEZ VOS EVENEMENTS EN LOUANT LA BORNE PHOTO<\/strong><\/h2>\n<!-- \/wp:heading -->\n\n<!-- wp:image {\"align\":\"center\",\"id\":420,\"width\":1024,\"height\":683,\"sizeSlug\":\"large\"} -->\n<div class=\"wp-block-image\"><figure class=\"aligncenter size-large is-resized\"><img src=\"https:\/\/lerobotphoto88.fr\/wp-content\/uploads\/2020\/08\/306-20180630-19-37-47-1024x683.jpg\" alt=\"\" class=\"wp-image-420\" width=\"1024\" height=\"683\"\/><figcaption>Distribuez vos tirages imm\u00e9diatement<\/figcaption><\/figure><\/div>\n<!-- \/wp:image -->\n\n<!-- wp:heading {\"textAlign\":\"center\",\"backgroundColor\":\"vivid-purple\",\"textColor\":\"white\"} -->\n<h2 class=\"has-text-align-center has-white-color has-vivid-purple-background-color has-text-color has-background\">UN OUTIL HORS DU COMMUN<\/h2>\n<!-- \/wp:heading -->\n\n<!-- wp:gallery {\"ids\":[23,24,27],\"linkTo\":\"none\"} -->\n<figure class=\"wp-block-gallery columns-3 is-cropped\"><ul class=\"blocks-gallery-grid\"><li class=\"blocks-gallery-item\"><figure><img src=\"https:\/\/lerobotphoto88.fr\/wp-content\/uploads\/2017\/05\/impressions.png\" alt=\"\" data-id=\"23\" data-full-url=\"https:\/\/lerobotphoto88.fr\/wp-content\/uploads\/2017\/05\/impressions.png\" data-link=\"https:\/\/lerobotphoto88.fr\/impressions\/\" class=\"wp-image-23\"\/><\/figure><\/li><li class=\"blocks-gallery-item\"><figure><img src=\"https:\/\/lerobotphoto88.fr\/wp-content\/uploads\/2017\/05\/personnalisation.png\" alt=\"\" data-id=\"24\" data-full-url=\"https:\/\/lerobotphoto88.fr\/wp-content\/uploads\/2017\/05\/personnalisation.png\" data-link=\"https:\/\/lerobotphoto88.fr\/personnalisation\/\" class=\"wp-image-24\"\/><\/figure><\/li><li class=\"blocks-gallery-item\"><figure><img src=\"https:\/\/lerobotphoto88.fr\/wp-content\/uploads\/2017\/05\/reseaux.png\" alt=\"\" data-id=\"27\" data-full-url=\"https:\/\/lerobotphoto88.fr\/wp-content\/uploads\/2017\/05\/reseaux.png\" data-link=\"https:\/\/lerobotphoto88.fr\/reseaux\/\" class=\"wp-image-27\"\/><\/figure><\/li><\/ul><\/figure>\n<!-- \/wp:gallery -->\n\n<!-- wp:paragraph -->\n<p><\/p>\n<!-- \/wp:paragraph -->","_et_gb_content_width":"1080","ngg_post_thumbnail":0,"footnotes":""},"class_list":["post-11","page","type-page","status-publish","hentry"],"_links":{"self":[{"href":"https:\/\/lerobotphoto88.fr\/index.php\/wp-json\/wp\/v2\/pages\/11","targetHints":{"allow":["GET"]}}],"collection":[{"href":"https:\/\/lerobotphoto88.fr\/index.php\/wp-json\/wp\/v2\/pages"}],"about":[{"href":"https:\/\/lerobotphoto88.fr\/index.php\/wp-json\/wp\/v2\/types\/page"}],"author":[{"embeddable":true,"href":"https:\/\/lerobotphoto88.fr\/index.php\/wp-json\/wp\/v2\/users\/1"}],"replies":[{"embeddable":true,"href":"https:\/\/lerobotphoto88.fr\/index.php\/wp-json\/wp\/v2\/comments?post=11"}],"version-history":[{"count":1,"href":"https:\/\/lerobotphoto88.fr\/index.php\/wp-json\/wp\/v2\/pages\/11\/revisions"}],"predecessor-version":[{"id":1040,"href":"https:\/\/lerobotphoto88.fr\/index.php\/wp-json\/wp\/v2\/pages\/11\/revisions\/1040"}],"wp:attachment":[{"href":"https:\/\/lerobotphoto88.fr\/index.php\/wp-json\/wp\/v2\/media?parent=11"}],"curies":[{"name":"wp","href":"https:\/\/api.w.org\/{rel}","templated":true}]}}